{"id":25,"date":"2017-05-04T13:44:36","date_gmt":"2017-05-04T11:44:36","guid":{"rendered":"https:\/\/originals.mephisto.com\/?page_id=25"},"modified":"2017-08-17T12:11:33","modified_gmt":"2017-08-17T10:11:33","slug":"unternehmen","status":"publish","type":"page","link":"https:\/\/originals.mephisto.com\/es\/unternehmen\/","title":{"rendered":"Empresa"},"content":{"rendered":"<div id=\"pl-25\"  class=\"panel-layout\" ><div id=\"pg-25-0\"  class=\"panel-grid panel-no-style\" ><div id=\"pgc-25-0-0\"  class=\"panel-grid-cell\" >\t\t<header class=\"molecule-headline-block\">\n\t\t\t<h2 class=\"molecule-headline-block--title\" data-aos=\"zoom-in\">Empresa<\/h2>\t\t\t<div class=\"molecule-headline-block--subtitle\" data-aos=\"fade-down\">Mephisto Originals<\/div>\t\t\t\t\t<\/header>\n\t\t<div id=\"panel-25-0-0-1\" class=\"so-panel widget widget_sow-editor panel-last-child\" data-index=\"1\" ><div class=\"so-widget-sow-editor so-widget-sow-editor-base\">\n<div class=\"siteorigin-widget-tinymce textwidget\">\n\t<p>Resumiendo, en 1965 Martin Michaeli, a los 29 a\u00f1os de edad, tuvo la idea de fabricar calzado en Europa. El resultado fue una historia de \u00e9xito que podr\u00eda llenar libros enteros. Solo tenemos que adentrarnos m\u00e1s en un cap\u00edtulo \u00fanico. Es la historia de las Mephisto Originals. En 1975 Martin Michaeli tuvo la idea de un zapato muy especial. De las Originals. Y desde 1975 fabricamos este zapato del mismo modo que siempre: Como un objeto \u00fanico de culto que de ninguna manera cualquiera puede llevar. <\/p>\n<p>Las Originals son tan originales como el que las lleva. Un zapato que une individualistas y personalidades con car\u00e1cter. Y eso es as\u00ed desde hace 42 a\u00f1os.<\/p>\n<\/div>\n<\/div><\/div><\/div><\/div><\/div>","protected":false},"excerpt":{"rendered":"<p>Resumiendo, en 1965 Martin Michaeli, a los 29 a\u00f1os de edad, tuvo la idea de fabricar calzado en Europa. El resultado fue una historia de \u00e9xito que podr\u00eda llenar libros enteros. Solo tenemos que adentrarnos m\u00e1s en un cap\u00edtulo \u00fanico. Es la historia de las Mephisto Originals. En 1975 Martin Michaeli tuvo la idea de [&hellip;]<\/p>\n","protected":false},"author":1,"featured_media":2678,"parent":0,"menu_order":90,"comment_status":"closed","ping_status":"closed","template":"","meta":[],"_links":{"self":[{"href":"https:\/\/originals.mephisto.com\/es\/wp-json\/wp\/v2\/pages\/25"}],"collection":[{"href":"https:\/\/originals.mephisto.com\/es\/wp-json\/wp\/v2\/pages"}],"about":[{"href":"https:\/\/originals.mephisto.com\/es\/wp-json\/wp\/v2\/types\/page"}],"author":[{"embeddable":true,"href":"https:\/\/originals.mephisto.com\/es\/wp-json\/wp\/v2\/users\/1"}],"replies":[{"embeddable":true,"href":"https:\/\/originals.mephisto.com\/es\/wp-json\/wp\/v2\/comments?post=25"}],"version-history":[{"count":5,"href":"https:\/\/originals.mephisto.com\/es\/wp-json\/wp\/v2\/pages\/25\/revisions"}],"predecessor-version":[{"id":3070,"href":"https:\/\/originals.mephisto.com\/es\/wp-json\/wp\/v2\/pages\/25\/revisions\/3070"}],"wp:featuredmedia":[{"embeddable":true,"href":"https:\/\/originals.mephisto.com\/es\/wp-json\/wp\/v2\/media\/2678"}],"wp:attachment":[{"href":"https:\/\/originals.mephisto.com\/es\/wp-json\/wp\/v2\/media?parent=25"}],"curies":[{"name":"wp","href":"https:\/\/api.w.org\/{rel}","templated":true}]}}