{"id":25,"date":"2017-05-04T13:44:36","date_gmt":"2017-05-04T11:44:36","guid":{"rendered":"https:\/\/originals.mephisto.com\/?page_id=25"},"modified":"2017-09-25T16:48:37","modified_gmt":"2017-09-25T14:48:37","slug":"unternehmen","status":"publish","type":"page","link":"https:\/\/originals.mephisto.com\/fr\/unternehmen\/","title":{"rendered":"La soci\u00e9t\u00e9"},"content":{"rendered":"<div id=\"pl-25\"  class=\"panel-layout\" ><div id=\"pg-25-0\"  class=\"panel-grid panel-no-style\" ><div id=\"pgc-25-0-0\"  class=\"panel-grid-cell\" >\t\t<header class=\"molecule-headline-block\">\n\t\t\t<h2 class=\"molecule-headline-block--title\" data-aos=\"zoom-in\"> La soci\u00e9t\u00e9<\/h2>\t\t\t<div class=\"molecule-headline-block--subtitle\" data-aos=\"fade-down\">Mephisto Originals<\/div>\t\t\t\t\t<\/header>\n\t\t<div id=\"panel-25-0-0-1\" class=\"so-panel widget widget_sow-editor panel-last-child\" data-index=\"1\" ><div class=\"so-widget-sow-editor so-widget-sow-editor-base\">\n<div class=\"siteorigin-widget-tinymce textwidget\">\n\t<p>En 1965, Martin Michaeli alors \u00e2g\u00e9 de 29 ans, a eu l\u2019id\u00e9e de fabriquer des chaussures en Europe. Ce qui s\u2019en est suivi est une success story jamais d\u00e9mentie. Cependant, nous nous devons d\u2019aborder ici un chapitre plus en d\u00e9tails. L\u2019histoire des Mephisto Originals. En effet, en 1975, Martin Michaeli cr\u00e9a une chaussure tr\u00e8s sp\u00e9ciale. L\u2019Originals. Depuis 1975, nous fabriquons cette chaussure comme nous l\u2019avons toujours fait : comme un objet culte. Les Originals sont aussi uniques que ceux qui les portent. Une chaussure qui r\u00e9unit les personnalit\u00e9s de caract\u00e8res du monde entier, depuis 42 ans.<\/p>\n<\/div>\n<\/div><\/div><\/div><\/div><\/div>","protected":false},"excerpt":{"rendered":"<p>En 1965, Martin Michaeli alors \u00e2g\u00e9 de 29 ans, a eu l\u2019id\u00e9e de fabriquer des chaussures en Europe. Ce qui s\u2019en est suivi est une success story jamais d\u00e9mentie. Cependant, nous nous devons d\u2019aborder ici un chapitre plus en d\u00e9tails. L\u2019histoire des Mephisto Originals. En effet, en 1975, Martin Michaeli cr\u00e9a une chaussure tr\u00e8s sp\u00e9ciale. [&hellip;]<\/p>\n","protected":false},"author":1,"featured_media":2678,"parent":0,"menu_order":90,"comment_status":"closed","ping_status":"closed","template":"","meta":[],"_links":{"self":[{"href":"https:\/\/originals.mephisto.com\/fr\/wp-json\/wp\/v2\/pages\/25"}],"collection":[{"href":"https:\/\/originals.mephisto.com\/fr\/wp-json\/wp\/v2\/pages"}],"about":[{"href":"https:\/\/originals.mephisto.com\/fr\/wp-json\/wp\/v2\/types\/page"}],"author":[{"embeddable":true,"href":"https:\/\/originals.mephisto.com\/fr\/wp-json\/wp\/v2\/users\/1"}],"replies":[{"embeddable":true,"href":"https:\/\/originals.mephisto.com\/fr\/wp-json\/wp\/v2\/comments?post=25"}],"version-history":[{"count":5,"href":"https:\/\/originals.mephisto.com\/fr\/wp-json\/wp\/v2\/pages\/25\/revisions"}],"predecessor-version":[{"id":3213,"href":"https:\/\/originals.mephisto.com\/fr\/wp-json\/wp\/v2\/pages\/25\/revisions\/3213"}],"wp:featuredmedia":[{"embeddable":true,"href":"https:\/\/originals.mephisto.com\/fr\/wp-json\/wp\/v2\/media\/2678"}],"wp:attachment":[{"href":"https:\/\/originals.mephisto.com\/fr\/wp-json\/wp\/v2\/media?parent=25"}],"curies":[{"name":"wp","href":"https:\/\/api.w.org\/{rel}","templated":true}]}}